{"id":5250,"date":"2025-02-08T23:21:37","date_gmt":"2025-02-08T20:21:37","guid":{"rendered":"https:\/\/suntexkumas.com\/?post_type=product&#038;p=5250"},"modified":"2025-02-08T23:21:38","modified_gmt":"2025-02-08T20:21:38","slug":"tul","status":"publish","type":"product","link":"https:\/\/suntexkumas.com\/ru\/urunler\/tul\/","title":{"rendered":"T\u00fcl"},"content":{"rendered":"","protected":false},"excerpt":{"rendered":"","protected":false},"featured_media":0,"template":"","meta":[],"product_brand":[],"product_cat":[57],"product_tag":[],"class_list":{"0":"post-5250","1":"product","2":"type-product","3":"status-publish","5":"product_cat-giyimlik","7":"first","8":"instock","9":"shipping-taxable","10":"product-type-simple"},"yoast_head":"<!-- This site is optimized with the Yoast SEO Premium plugin v22.1 (Yoast SEO v27.5) - https:\/\/yoast.com\/product\/yoast-seo-premium-wordpress\/ -->\n<title>T\u00fcl &#8211; Suntex Kuma\u015f Sanayi - Ra\u015fel \u00d6rme<\/title>\n<meta name=\"robots\" content=\"index, follow, max-snippet:-1, max-image-preview:large, max-video-preview:-1\" \/>\n<link rel=\"canonical\" href=\"https:\/\/suntexkumas.com\/ru\/urunler\/tul\/\" \/>\n<meta property=\"og:locale\" content=\"ru_RU\" \/>\n<meta property=\"og:type\" content=\"article\" \/>\n<meta property=\"og:title\" content=\"T\u00fcl\" \/>\n<meta property=\"og:url\" content=\"https:\/\/suntexkumas.com\/ru\/urunler\/tul\/\" \/>\n<meta property=\"og:site_name\" content=\"Suntex Kuma\u015f Sanayi - Ra\u015fel \u00d6rme\" \/>\n<meta property=\"article:modified_time\" content=\"2025-02-08T20:21:38+00:00\" \/>\n<meta name=\"twitter:card\" content=\"summary_large_image\" \/>\n<meta name=\"twitter:label1\" content=\"\u0426\u0435\u043d\u0430\" \/>\n\t<meta name=\"twitter:data1\" content=\"\" \/>\n\t<meta name=\"twitter:label2\" content=\"\u0414\u043e\u0441\u0442\u0443\u043f\u043d\u043e\u0441\u0442\u044c\" \/>\n\t<meta name=\"twitter:data2\" content=\"\u0412 \u043d\u0430\u043b\u0438\u0447\u0438\u0438\" \/>\n<script type=\"application\/ld+json\" class=\"yoast-schema-graph\">{\"@context\":\"https:\\\/\\\/schema.org\",\"@graph\":[{\"@type\":\"WebPage\",\"@id\":\"https:\\\/\\\/suntexkumas.com\\\/ru\\\/urunler\\\/tul\\\/\",\"url\":\"https:\\\/\\\/suntexkumas.com\\\/ru\\\/urunler\\\/tul\\\/\",\"name\":\"T\u00fcl &#8211; Suntex Kuma\u015f Sanayi - Ra\u015fel \u00d6rme\",\"isPartOf\":{\"@id\":\"https:\\\/\\\/suntexkumas.com\\\/ru\\\/#website\"},\"datePublished\":\"2025-02-08T20:21:37+00:00\",\"dateModified\":\"2025-02-08T20:21:38+00:00\",\"breadcrumb\":{\"@id\":\"https:\\\/\\\/suntexkumas.com\\\/ru\\\/urunler\\\/tul\\\/#breadcrumb\"},\"inLanguage\":\"ru-RU\",\"potentialAction\":[{\"@type\":\"ReadAction\",\"target\":[\"https:\\\/\\\/suntexkumas.com\\\/ru\\\/urunler\\\/tul\\\/\"]}]},{\"@type\":\"BreadcrumbList\",\"@id\":\"https:\\\/\\\/suntexkumas.com\\\/ru\\\/urunler\\\/tul\\\/#breadcrumb\",\"itemListElement\":[{\"@type\":\"ListItem\",\"position\":1,\"name\":\"Anasayfa\",\"item\":\"https:\\\/\\\/suntexkumas.com\\\/ru\\\/%d1%82%d1%80%d0%b8%d0%ba%d0%be%d1%82%d0%b0%d0%b6%d0%bd%d0%b0%d1%8f-%d1%82%d0%ba%d0%b0%d0%bd%d1%8c-suntex-raschel\\\/\"},{\"@type\":\"ListItem\",\"position\":2,\"name\":\"Shop\",\"item\":\"https:\\\/\\\/suntexkumas.com\\\/ru\\\/shop\\\/\"},{\"@type\":\"ListItem\",\"position\":3,\"name\":\"T\u00fcl\"}]},{\"@type\":\"WebSite\",\"@id\":\"https:\\\/\\\/suntexkumas.com\\\/ru\\\/#website\",\"url\":\"https:\\\/\\\/suntexkumas.com\\\/ru\\\/\",\"name\":\"Suntex Kuma\u015f Sanayi - Ra\u015fel \u00d6rme\",\"description\":\"\",\"publisher\":{\"@id\":\"https:\\\/\\\/suntexkumas.com\\\/ru\\\/#organization\"},\"potentialAction\":[{\"@type\":\"SearchAction\",\"target\":{\"@type\":\"EntryPoint\",\"urlTemplate\":\"https:\\\/\\\/suntexkumas.com\\\/ru\\\/?s={search_term_string}\"},\"query-input\":{\"@type\":\"PropertyValueSpecification\",\"valueRequired\":true,\"valueName\":\"search_term_string\"}}],\"inLanguage\":\"ru-RU\"},{\"@type\":\"Organization\",\"@id\":\"https:\\\/\\\/suntexkumas.com\\\/ru\\\/#organization\",\"name\":\"Suntex Kuma\u015f Sanayi - Ra\u015fel \u00d6rme\",\"url\":\"https:\\\/\\\/suntexkumas.com\\\/ru\\\/\",\"logo\":{\"@type\":\"ImageObject\",\"inLanguage\":\"ru-RU\",\"@id\":\"https:\\\/\\\/suntexkumas.com\\\/ru\\\/#\\\/schema\\\/logo\\\/image\\\/\",\"url\":\"https:\\\/\\\/suntexkumas.com\\\/wp-content\\\/uploads\\\/2024\\\/11\\\/Logo-01-e1731863878122.png\",\"contentUrl\":\"https:\\\/\\\/suntexkumas.com\\\/wp-content\\\/uploads\\\/2024\\\/11\\\/Logo-01-e1731863878122.png\",\"width\":3063,\"height\":2430,\"caption\":\"Suntex Kuma\u015f Sanayi - Ra\u015fel \u00d6rme\"},\"image\":{\"@id\":\"https:\\\/\\\/suntexkumas.com\\\/ru\\\/#\\\/schema\\\/logo\\\/image\\\/\"},\"numberOfEmployees\":{\"@type\":\"QuantitativeValue\",\"minValue\":\"1\",\"maxValue\":\"10\"},\"publishingPrinciples\":\"https:\\\/\\\/suntexkumas.com\\\/hakkimizda\\\/\"}]}<\/script>\n<meta property=\"product:price:currency\" content=\"USD\" \/>\n<meta property=\"og:availability\" content=\"instock\" \/>\n<meta property=\"product:availability\" content=\"instock\" \/>\n<meta property=\"product:condition\" content=\"new\" \/>\n<!-- \/ Yoast SEO Premium plugin. -->","yoast_head_json":{"title":"T\u00fcl &#8211; Suntex Kuma\u015f Sanayi - Ra\u015fel \u00d6rme","robots":{"index":"index","follow":"follow","max-snippet":"max-snippet:-1","max-image-preview":"max-image-preview:large","max-video-preview":"max-video-preview:-1"},"canonical":"https:\/\/suntexkumas.com\/ru\/urunler\/tul\/","og_locale":"ru_RU","og_type":"article","og_title":"T\u00fcl","og_url":"https:\/\/suntexkumas.com\/ru\/urunler\/tul\/","og_site_name":"Suntex Kuma\u015f Sanayi - Ra\u015fel \u00d6rme","article_modified_time":"2025-02-08T20:21:38+00:00","twitter_card":"summary_large_image","twitter_misc":{"\u0426\u0435\u043d\u0430":"","\u0414\u043e\u0441\u0442\u0443\u043f\u043d\u043e\u0441\u0442\u044c":"\u0412 \u043d\u0430\u043b\u0438\u0447\u0438\u0438"},"schema":{"@context":"https:\/\/schema.org","@graph":[{"@type":"WebPage","@id":"https:\/\/suntexkumas.com\/ru\/urunler\/tul\/","url":"https:\/\/suntexkumas.com\/ru\/urunler\/tul\/","name":"T\u00fcl &#8211; Suntex Kuma\u015f Sanayi - Ra\u015fel \u00d6rme","isPartOf":{"@id":"https:\/\/suntexkumas.com\/ru\/#website"},"datePublished":"2025-02-08T20:21:37+00:00","dateModified":"2025-02-08T20:21:38+00:00","breadcrumb":{"@id":"https:\/\/suntexkumas.com\/ru\/urunler\/tul\/#breadcrumb"},"inLanguage":"ru-RU","potentialAction":[{"@type":"ReadAction","target":["https:\/\/suntexkumas.com\/ru\/urunler\/tul\/"]}]},{"@type":"BreadcrumbList","@id":"https:\/\/suntexkumas.com\/ru\/urunler\/tul\/#breadcrumb","itemListElement":[{"@type":"ListItem","position":1,"name":"Anasayfa","item":"https:\/\/suntexkumas.com\/ru\/%d1%82%d1%80%d0%b8%d0%ba%d0%be%d1%82%d0%b0%d0%b6%d0%bd%d0%b0%d1%8f-%d1%82%d0%ba%d0%b0%d0%bd%d1%8c-suntex-raschel\/"},{"@type":"ListItem","position":2,"name":"Shop","item":"https:\/\/suntexkumas.com\/ru\/shop\/"},{"@type":"ListItem","position":3,"name":"T\u00fcl"}]},{"@type":"WebSite","@id":"https:\/\/suntexkumas.com\/ru\/#website","url":"https:\/\/suntexkumas.com\/ru\/","name":"Suntex Kuma\u015f Sanayi - Ra\u015fel \u00d6rme","description":"","publisher":{"@id":"https:\/\/suntexkumas.com\/ru\/#organization"},"potentialAction":[{"@type":"SearchAction","target":{"@type":"EntryPoint","urlTemplate":"https:\/\/suntexkumas.com\/ru\/?s={search_term_string}"},"query-input":{"@type":"PropertyValueSpecification","valueRequired":true,"valueName":"search_term_string"}}],"inLanguage":"ru-RU"},{"@type":"Organization","@id":"https:\/\/suntexkumas.com\/ru\/#organization","name":"Suntex Kuma\u015f Sanayi - Ra\u015fel \u00d6rme","url":"https:\/\/suntexkumas.com\/ru\/","logo":{"@type":"ImageObject","inLanguage":"ru-RU","@id":"https:\/\/suntexkumas.com\/ru\/#\/schema\/logo\/image\/","url":"https:\/\/suntexkumas.com\/wp-content\/uploads\/2024\/11\/Logo-01-e1731863878122.png","contentUrl":"https:\/\/suntexkumas.com\/wp-content\/uploads\/2024\/11\/Logo-01-e1731863878122.png","width":3063,"height":2430,"caption":"Suntex Kuma\u015f Sanayi - Ra\u015fel \u00d6rme"},"image":{"@id":"https:\/\/suntexkumas.com\/ru\/#\/schema\/logo\/image\/"},"numberOfEmployees":{"@type":"QuantitativeValue","minValue":"1","maxValue":"10"},"publishingPrinciples":"https:\/\/suntexkumas.com\/hakkimizda\/"}]},"product_price_currency":"USD","og_availability":"instock","product_availability":"instock","product_condition":"new"},"jetpack_sharing_enabled":true,"_links":{"self":[{"href":"https:\/\/suntexkumas.com\/ru\/wp-json\/wp\/v2\/product\/5250","targetHints":{"allow":["GET"]}}],"collection":[{"href":"https:\/\/suntexkumas.com\/ru\/wp-json\/wp\/v2\/product"}],"about":[{"href":"https:\/\/suntexkumas.com\/ru\/wp-json\/wp\/v2\/types\/product"}],"wp:attachment":[{"href":"https:\/\/suntexkumas.com\/ru\/wp-json\/wp\/v2\/media?parent=5250"}],"wp:term":[{"taxonomy":"product_brand","embeddable":true,"href":"https:\/\/suntexkumas.com\/ru\/wp-json\/wp\/v2\/product_brand?post=5250"},{"taxonomy":"product_cat","embeddable":true,"href":"https:\/\/suntexkumas.com\/ru\/wp-json\/wp\/v2\/product_cat?post=5250"},{"taxonomy":"product_tag","embeddable":true,"href":"https:\/\/suntexkumas.com\/ru\/wp-json\/wp\/v2\/product_tag?post=5250"}],"curies":[{"name":"wp","href":"https:\/\/api.w.org\/{rel}","templated":true}]}}