{"id":5246,"date":"2025-02-08T23:20:51","date_gmt":"2025-02-08T20:20:51","guid":{"rendered":"https:\/\/suntexkumas.com\/?post_type=product&#038;p=5246"},"modified":"2025-02-08T23:20:52","modified_gmt":"2025-02-08T20:20:52","slug":"saten","status":"publish","type":"product","link":"https:\/\/suntexkumas.com\/it\/urunler\/saten\/","title":{"rendered":"Saten"},"content":{"rendered":"","protected":false},"excerpt":{"rendered":"","protected":false},"featured_media":0,"template":"","meta":[],"product_brand":[],"product_cat":[56],"product_tag":[],"class_list":{"0":"post-5246","1":"product","2":"type-product","3":"status-publish","5":"product_cat-ayakkabi","7":"first","8":"instock","9":"shipping-taxable","10":"product-type-simple"},"yoast_head":"<!-- This site is optimized with the Yoast SEO Premium plugin v22.1 (Yoast SEO v27.5) - https:\/\/yoast.com\/product\/yoast-seo-premium-wordpress\/ -->\n<title>Saten &#8211; Suntex Kuma\u015f Sanayi - Ra\u015fel \u00d6rme<\/title>\n<meta name=\"robots\" content=\"index, follow, max-snippet:-1, max-image-preview:large, max-video-preview:-1\" \/>\n<link rel=\"canonical\" href=\"https:\/\/suntexkumas.com\/it\/urunler\/saten\/\" \/>\n<meta property=\"og:locale\" content=\"it_IT\" \/>\n<meta property=\"og:type\" content=\"article\" \/>\n<meta property=\"og:title\" content=\"Saten\" \/>\n<meta property=\"og:url\" content=\"https:\/\/suntexkumas.com\/it\/urunler\/saten\/\" \/>\n<meta property=\"og:site_name\" content=\"Suntex Kuma\u015f Sanayi - Ra\u015fel \u00d6rme\" \/>\n<meta property=\"article:modified_time\" content=\"2025-02-08T20:20:52+00:00\" \/>\n<meta name=\"twitter:card\" content=\"summary_large_image\" \/>\n<meta name=\"twitter:label1\" content=\"Prezzo\" \/>\n\t<meta name=\"twitter:data1\" content=\"\" \/>\n\t<meta name=\"twitter:label2\" content=\"Disponibilit\u00e0\" \/>\n\t<meta name=\"twitter:data2\" content=\"In stock\" \/>\n<script type=\"application\/ld+json\" class=\"yoast-schema-graph\">{\"@context\":\"https:\\\/\\\/schema.org\",\"@graph\":[{\"@type\":\"WebPage\",\"@id\":\"https:\\\/\\\/suntexkumas.com\\\/it\\\/urunler\\\/saten\\\/\",\"url\":\"https:\\\/\\\/suntexkumas.com\\\/it\\\/urunler\\\/saten\\\/\",\"name\":\"Saten &#8211; Suntex Kuma\u015f Sanayi - Ra\u015fel \u00d6rme\",\"isPartOf\":{\"@id\":\"https:\\\/\\\/suntexkumas.com\\\/it\\\/#website\"},\"datePublished\":\"2025-02-08T20:20:51+00:00\",\"dateModified\":\"2025-02-08T20:20:52+00:00\",\"breadcrumb\":{\"@id\":\"https:\\\/\\\/suntexkumas.com\\\/it\\\/urunler\\\/saten\\\/#breadcrumb\"},\"inLanguage\":\"it-IT\",\"potentialAction\":[{\"@type\":\"ReadAction\",\"target\":[\"https:\\\/\\\/suntexkumas.com\\\/it\\\/urunler\\\/saten\\\/\"]}]},{\"@type\":\"BreadcrumbList\",\"@id\":\"https:\\\/\\\/suntexkumas.com\\\/it\\\/urunler\\\/saten\\\/#breadcrumb\",\"itemListElement\":[{\"@type\":\"ListItem\",\"position\":1,\"name\":\"Anasayfa\",\"item\":\"https:\\\/\\\/suntexkumas.com\\\/it\\\/tessuto-a-maglia-suntex-raschel\\\/\"},{\"@type\":\"ListItem\",\"position\":2,\"name\":\"Negozio\",\"item\":\"https:\\\/\\\/suntexkumas.com\\\/it\\\/negozio\\\/\"},{\"@type\":\"ListItem\",\"position\":3,\"name\":\"Saten\"}]},{\"@type\":\"WebSite\",\"@id\":\"https:\\\/\\\/suntexkumas.com\\\/it\\\/#website\",\"url\":\"https:\\\/\\\/suntexkumas.com\\\/it\\\/\",\"name\":\"Suntex Kuma\u015f Sanayi - Ra\u015fel \u00d6rme\",\"description\":\"\",\"publisher\":{\"@id\":\"https:\\\/\\\/suntexkumas.com\\\/it\\\/#organization\"},\"potentialAction\":[{\"@type\":\"SearchAction\",\"target\":{\"@type\":\"EntryPoint\",\"urlTemplate\":\"https:\\\/\\\/suntexkumas.com\\\/it\\\/?s={search_term_string}\"},\"query-input\":{\"@type\":\"PropertyValueSpecification\",\"valueRequired\":true,\"valueName\":\"search_term_string\"}}],\"inLanguage\":\"it-IT\"},{\"@type\":\"Organization\",\"@id\":\"https:\\\/\\\/suntexkumas.com\\\/it\\\/#organization\",\"name\":\"Suntex Kuma\u015f Sanayi - Ra\u015fel \u00d6rme\",\"url\":\"https:\\\/\\\/suntexkumas.com\\\/it\\\/\",\"logo\":{\"@type\":\"ImageObject\",\"inLanguage\":\"it-IT\",\"@id\":\"https:\\\/\\\/suntexkumas.com\\\/it\\\/#\\\/schema\\\/logo\\\/image\\\/\",\"url\":\"https:\\\/\\\/suntexkumas.com\\\/wp-content\\\/uploads\\\/2024\\\/11\\\/Logo-01-e1731863878122.png\",\"contentUrl\":\"https:\\\/\\\/suntexkumas.com\\\/wp-content\\\/uploads\\\/2024\\\/11\\\/Logo-01-e1731863878122.png\",\"width\":3063,\"height\":2430,\"caption\":\"Suntex Kuma\u015f Sanayi - Ra\u015fel \u00d6rme\"},\"image\":{\"@id\":\"https:\\\/\\\/suntexkumas.com\\\/it\\\/#\\\/schema\\\/logo\\\/image\\\/\"},\"numberOfEmployees\":{\"@type\":\"QuantitativeValue\",\"minValue\":\"1\",\"maxValue\":\"10\"},\"publishingPrinciples\":\"https:\\\/\\\/suntexkumas.com\\\/hakkimizda\\\/\"}]}<\/script>\n<meta property=\"product:price:currency\" content=\"USD\" \/>\n<meta property=\"og:availability\" content=\"instock\" \/>\n<meta property=\"product:availability\" content=\"instock\" \/>\n<meta property=\"product:condition\" content=\"new\" \/>\n<!-- \/ Yoast SEO Premium plugin. -->","yoast_head_json":{"title":"Saten &#8211; Suntex Kuma\u015f Sanayi - Ra\u015fel \u00d6rme","robots":{"index":"index","follow":"follow","max-snippet":"max-snippet:-1","max-image-preview":"max-image-preview:large","max-video-preview":"max-video-preview:-1"},"canonical":"https:\/\/suntexkumas.com\/it\/urunler\/saten\/","og_locale":"it_IT","og_type":"article","og_title":"Saten","og_url":"https:\/\/suntexkumas.com\/it\/urunler\/saten\/","og_site_name":"Suntex Kuma\u015f Sanayi - Ra\u015fel \u00d6rme","article_modified_time":"2025-02-08T20:20:52+00:00","twitter_card":"summary_large_image","twitter_misc":{"Prezzo":"","Disponibilit\u00e0":"In stock"},"schema":{"@context":"https:\/\/schema.org","@graph":[{"@type":"WebPage","@id":"https:\/\/suntexkumas.com\/it\/urunler\/saten\/","url":"https:\/\/suntexkumas.com\/it\/urunler\/saten\/","name":"Saten &#8211; Suntex Kuma\u015f Sanayi - Ra\u015fel \u00d6rme","isPartOf":{"@id":"https:\/\/suntexkumas.com\/it\/#website"},"datePublished":"2025-02-08T20:20:51+00:00","dateModified":"2025-02-08T20:20:52+00:00","breadcrumb":{"@id":"https:\/\/suntexkumas.com\/it\/urunler\/saten\/#breadcrumb"},"inLanguage":"it-IT","potentialAction":[{"@type":"ReadAction","target":["https:\/\/suntexkumas.com\/it\/urunler\/saten\/"]}]},{"@type":"BreadcrumbList","@id":"https:\/\/suntexkumas.com\/it\/urunler\/saten\/#breadcrumb","itemListElement":[{"@type":"ListItem","position":1,"name":"Anasayfa","item":"https:\/\/suntexkumas.com\/it\/tessuto-a-maglia-suntex-raschel\/"},{"@type":"ListItem","position":2,"name":"Negozio","item":"https:\/\/suntexkumas.com\/it\/negozio\/"},{"@type":"ListItem","position":3,"name":"Saten"}]},{"@type":"WebSite","@id":"https:\/\/suntexkumas.com\/it\/#website","url":"https:\/\/suntexkumas.com\/it\/","name":"Suntex Kuma\u015f Sanayi - Ra\u015fel \u00d6rme","description":"","publisher":{"@id":"https:\/\/suntexkumas.com\/it\/#organization"},"potentialAction":[{"@type":"SearchAction","target":{"@type":"EntryPoint","urlTemplate":"https:\/\/suntexkumas.com\/it\/?s={search_term_string}"},"query-input":{"@type":"PropertyValueSpecification","valueRequired":true,"valueName":"search_term_string"}}],"inLanguage":"it-IT"},{"@type":"Organization","@id":"https:\/\/suntexkumas.com\/it\/#organization","name":"Suntex Kuma\u015f Sanayi - Ra\u015fel \u00d6rme","url":"https:\/\/suntexkumas.com\/it\/","logo":{"@type":"ImageObject","inLanguage":"it-IT","@id":"https:\/\/suntexkumas.com\/it\/#\/schema\/logo\/image\/","url":"https:\/\/suntexkumas.com\/wp-content\/uploads\/2024\/11\/Logo-01-e1731863878122.png","contentUrl":"https:\/\/suntexkumas.com\/wp-content\/uploads\/2024\/11\/Logo-01-e1731863878122.png","width":3063,"height":2430,"caption":"Suntex Kuma\u015f Sanayi - Ra\u015fel \u00d6rme"},"image":{"@id":"https:\/\/suntexkumas.com\/it\/#\/schema\/logo\/image\/"},"numberOfEmployees":{"@type":"QuantitativeValue","minValue":"1","maxValue":"10"},"publishingPrinciples":"https:\/\/suntexkumas.com\/hakkimizda\/"}]},"product_price_currency":"USD","og_availability":"instock","product_availability":"instock","product_condition":"new"},"jetpack_sharing_enabled":true,"_links":{"self":[{"href":"https:\/\/suntexkumas.com\/it\/wp-json\/wp\/v2\/product\/5246","targetHints":{"allow":["GET"]}}],"collection":[{"href":"https:\/\/suntexkumas.com\/it\/wp-json\/wp\/v2\/product"}],"about":[{"href":"https:\/\/suntexkumas.com\/it\/wp-json\/wp\/v2\/types\/product"}],"wp:attachment":[{"href":"https:\/\/suntexkumas.com\/it\/wp-json\/wp\/v2\/media?parent=5246"}],"wp:term":[{"taxonomy":"product_brand","embeddable":true,"href":"https:\/\/suntexkumas.com\/it\/wp-json\/wp\/v2\/product_brand?post=5246"},{"taxonomy":"product_cat","embeddable":true,"href":"https:\/\/suntexkumas.com\/it\/wp-json\/wp\/v2\/product_cat?post=5246"},{"taxonomy":"product_tag","embeddable":true,"href":"https:\/\/suntexkumas.com\/it\/wp-json\/wp\/v2\/product_tag?post=5246"}],"curies":[{"name":"wp","href":"https:\/\/api.w.org\/{rel}","templated":true}]}}