{"id":6015,"date":"2021-11-10T17:59:09","date_gmt":"2021-11-10T14:59:09","guid":{"rendered":"https:\/\/suntexkumas.com\/ultime-notizie\/"},"modified":"2025-05-12T18:50:23","modified_gmt":"2025-05-12T15:50:23","slug":"ultime-notizie","status":"publish","type":"page","link":"https:\/\/suntexkumas.com\/it\/ultime-notizie\/","title":{"rendered":"Ultime notizie"},"content":{"rendered":"<p><div class=\"fusion-fullwidth fullwidth-box fusion-builder-row-1 fusion-flex-container nonhundred-percent-fullwidth non-hundred-percent-height-scrolling\" style=\"--awb-border-radius-top-left:0px;--awb-border-radius-top-right:0px;--awb-border-radius-bottom-right:0px;--awb-border-radius-bottom-left:0px;--awb-margin-top:-35px;--awb-flex-wrap:wrap;\" ><div class=\"fusion-builder-row fusion-row fusion-flex-align-items-flex-start fusion-flex-content-wrap\" style=\"max-width:1216.8px;margin-left: calc(-4% \/ 2 );margin-right: calc(-4% \/ 2 );\"><div class=\"fusion-layout-column fusion_builder_column fusion-builder-column-0 fusion_builder_column_1_1 1_1 fusion-flex-column fusion-animated\" style=\"--awb-bg-size:cover;--awb-width-large:100%;--awb-margin-top-large:0px;--awb-spacing-right-large:1.92%;--awb-margin-bottom-large:70px;--awb-spacing-left-large:1.92%;--awb-width-medium:100%;--awb-order-medium:0;--awb-spacing-right-medium:1.92%;--awb-spacing-left-medium:1.92%;--awb-width-small:100%;--awb-order-small:0;--awb-spacing-right-small:1.92%;--awb-margin-bottom-small:40px;--awb-spacing-left-small:1.92%;\" data-animationType=\"fadeInUp\" data-animationDuration=\"1.3\" data-animationOffset=\"top-into-view\"><div class=\"fusion-column-wrapper fusion-column-has-shadow fusion-flex-justify-content-flex-start fusion-content-layout-column\"><\/div><\/div><div class=\"fusion-layout-column fusion_builder_column fusion-builder-column-1 fusion_builder_column_1_1 1_1 fusion-flex-column\" style=\"--awb-bg-size:cover;--awb-width-large:100%;--awb-margin-top-large:0px;--awb-spacing-right-large:1.92%;--awb-margin-bottom-large:60px;--awb-spacing-left-large:1.92%;--awb-width-medium:100%;--awb-order-medium:0;--awb-spacing-right-medium:1.92%;--awb-spacing-left-medium:1.92%;--awb-width-small:100%;--awb-order-small:0;--awb-spacing-right-small:1.92%;--awb-spacing-left-small:1.92%;\"><div class=\"fusion-column-wrapper fusion-column-has-shadow fusion-flex-justify-content-flex-start fusion-content-layout-column\"><div class=\"fusion-separator fusion-full-width-sep\" style=\"align-self: center;margin-left: auto;margin-right: auto;margin-top:30px;margin-bottom:70px;width:100%;\"><div class=\"fusion-separator-border sep-single sep-solid\" style=\"--awb-height:20px;--awb-amount:20px;border-color:var(--awb-color2);border-top-width:2px;\"><\/div><\/div><\/div><\/div><\/div><\/div><div class=\"fusion-fullwidth fullwidth-box fusion-builder-row-2 fusion-flex-container hundred-percent-fullwidth non-hundred-percent-height-scrolling\" style=\"--link_color: var(--awb-color1);--awb-border-radius-top-left:0px;--awb-border-radius-top-right:0px;--awb-border-radius-bottom-right:0px;--awb-border-radius-bottom-left:0px;--awb-padding-right:0px;--awb-padding-left:0px;--awb-margin-bottom:0px;--awb-background-color:hsla(var(--awb-color8-h),var(--awb-color8-s),calc( var(--awb-color8-l) + 16% ),var(--awb-color8-a));--awb-flex-wrap:wrap;\" ><div class=\"fusion-builder-row fusion-row fusion-flex-align-items-flex-start fusion-flex-content-wrap\" style=\"width:104% !important;max-width:104% !important;margin-left: calc(-4% \/ 2 );margin-right: calc(-4% \/ 2 );\"><div class=\"fusion-layout-column fusion_builder_column fusion-builder-column-2 fusion_builder_column_1_1 1_1 fusion-flex-column\" style=\"--awb-padding-bottom:0px;--awb-bg-size:cover;--awb-width-large:100%;--awb-margin-top-large:0px;--awb-spacing-right-large:1.92%;--awb-margin-bottom-large:0px;--awb-spacing-left-large:1.92%;--awb-width-medium:100%;--awb-order-medium:0;--awb-spacing-right-medium:1.92%;--awb-spacing-left-medium:1.92%;--awb-width-small:100%;--awb-order-small:0;--awb-spacing-right-small:1.92%;--awb-spacing-left-small:1.92%;\"><div class=\"fusion-column-wrapper fusion-column-has-shadow fusion-flex-justify-content-flex-start fusion-content-layout-column\"><\/div><\/div><\/div><\/div><\/p>\n","protected":false},"excerpt":{"rendered":"","protected":false},"author":1,"featured_media":5559,"parent":0,"menu_order":0,"comment_status":"closed","ping_status":"closed","template":"100-width.php","meta":{"footnotes":""},"class_list":["post-6015","page","type-page","status-publish","has-post-thumbnail","hentry"],"yoast_head":"<!-- This site is optimized with the Yoast SEO Premium plugin v22.1 (Yoast SEO v27.5) - https:\/\/yoast.com\/product\/yoast-seo-premium-wordpress\/ -->\n<title>Ultime notizie &#8211; Suntex Kuma\u015f Sanayi - Ra\u015fel \u00d6rme<\/title>\n<meta name=\"robots\" content=\"index, follow, max-snippet:-1, max-image-preview:large, max-video-preview:-1\" \/>\n<link rel=\"canonical\" href=\"https:\/\/suntexkumas.com\/it\/ultime-notizie\/\" \/>\n<meta property=\"og:locale\" content=\"it_IT\" \/>\n<meta property=\"og:type\" content=\"article\" \/>\n<meta property=\"og:title\" content=\"Ultime notizie\" \/>\n<meta property=\"og:url\" content=\"https:\/\/suntexkumas.com\/it\/ultime-notizie\/\" \/>\n<meta property=\"og:site_name\" content=\"Suntex Kuma\u015f Sanayi - Ra\u015fel \u00d6rme\" \/>\n<meta property=\"article:modified_time\" content=\"2025-05-12T15:50:23+00:00\" \/>\n<meta property=\"og:image\" content=\"https:\/\/suntexkumas.com\/wp-content\/uploads\/2021\/11\/4.jpg\" \/>\n\t<meta property=\"og:image:width\" content=\"1393\" \/>\n\t<meta property=\"og:image:height\" content=\"590\" \/>\n\t<meta property=\"og:image:type\" content=\"image\/jpeg\" \/>\n<meta name=\"twitter:card\" content=\"summary_large_image\" \/>\n<meta name=\"twitter:label1\" content=\"Tempo di lettura stimato\" \/>\n\t<meta name=\"twitter:data1\" content=\"7 minuti\" \/>\n<script type=\"application\/ld+json\" class=\"yoast-schema-graph\">{\"@context\":\"https:\\\/\\\/schema.org\",\"@graph\":[{\"@type\":\"WebPage\",\"@id\":\"https:\\\/\\\/suntexkumas.com\\\/it\\\/ultime-notizie\\\/\",\"url\":\"https:\\\/\\\/suntexkumas.com\\\/it\\\/ultime-notizie\\\/\",\"name\":\"Ultime notizie &#8211; Suntex Kuma\u015f Sanayi - Ra\u015fel \u00d6rme\",\"isPartOf\":{\"@id\":\"https:\\\/\\\/suntexkumas.com\\\/it\\\/#website\"},\"primaryImageOfPage\":{\"@id\":\"https:\\\/\\\/suntexkumas.com\\\/it\\\/ultime-notizie\\\/#primaryimage\"},\"image\":{\"@id\":\"https:\\\/\\\/suntexkumas.com\\\/it\\\/ultime-notizie\\\/#primaryimage\"},\"thumbnailUrl\":\"https:\\\/\\\/i0.wp.com\\\/suntexkumas.com\\\/wp-content\\\/uploads\\\/2021\\\/11\\\/4.jpg?fit=1393%2C590&ssl=1\",\"datePublished\":\"2021-11-10T14:59:09+00:00\",\"dateModified\":\"2025-05-12T15:50:23+00:00\",\"breadcrumb\":{\"@id\":\"https:\\\/\\\/suntexkumas.com\\\/it\\\/ultime-notizie\\\/#breadcrumb\"},\"inLanguage\":\"it-IT\",\"potentialAction\":[{\"@type\":\"ReadAction\",\"target\":[\"https:\\\/\\\/suntexkumas.com\\\/it\\\/ultime-notizie\\\/\"]}]},{\"@type\":\"ImageObject\",\"inLanguage\":\"it-IT\",\"@id\":\"https:\\\/\\\/suntexkumas.com\\\/it\\\/ultime-notizie\\\/#primaryimage\",\"url\":\"https:\\\/\\\/i0.wp.com\\\/suntexkumas.com\\\/wp-content\\\/uploads\\\/2021\\\/11\\\/4.jpg?fit=1393%2C590&ssl=1\",\"contentUrl\":\"https:\\\/\\\/i0.wp.com\\\/suntexkumas.com\\\/wp-content\\\/uploads\\\/2021\\\/11\\\/4.jpg?fit=1393%2C590&ssl=1\",\"width\":1393,\"height\":590},{\"@type\":\"BreadcrumbList\",\"@id\":\"https:\\\/\\\/suntexkumas.com\\\/it\\\/ultime-notizie\\\/#breadcrumb\",\"itemListElement\":[{\"@type\":\"ListItem\",\"position\":1,\"name\":\"Anasayfa\",\"item\":\"https:\\\/\\\/suntexkumas.com\\\/it\\\/tessuto-a-maglia-suntex-raschel\\\/\"},{\"@type\":\"ListItem\",\"position\":2,\"name\":\"Ultime notizie\"}]},{\"@type\":\"WebSite\",\"@id\":\"https:\\\/\\\/suntexkumas.com\\\/it\\\/#website\",\"url\":\"https:\\\/\\\/suntexkumas.com\\\/it\\\/\",\"name\":\"Suntex Kuma\u015f Sanayi - Ra\u015fel \u00d6rme\",\"description\":\"\",\"publisher\":{\"@id\":\"https:\\\/\\\/suntexkumas.com\\\/it\\\/#organization\"},\"potentialAction\":[{\"@type\":\"SearchAction\",\"target\":{\"@type\":\"EntryPoint\",\"urlTemplate\":\"https:\\\/\\\/suntexkumas.com\\\/it\\\/?s={search_term_string}\"},\"query-input\":{\"@type\":\"PropertyValueSpecification\",\"valueRequired\":true,\"valueName\":\"search_term_string\"}}],\"inLanguage\":\"it-IT\"},{\"@type\":\"Organization\",\"@id\":\"https:\\\/\\\/suntexkumas.com\\\/it\\\/#organization\",\"name\":\"Suntex Kuma\u015f Sanayi - Ra\u015fel \u00d6rme\",\"url\":\"https:\\\/\\\/suntexkumas.com\\\/it\\\/\",\"logo\":{\"@type\":\"ImageObject\",\"inLanguage\":\"it-IT\",\"@id\":\"https:\\\/\\\/suntexkumas.com\\\/it\\\/#\\\/schema\\\/logo\\\/image\\\/\",\"url\":\"https:\\\/\\\/suntexkumas.com\\\/wp-content\\\/uploads\\\/2024\\\/11\\\/Logo-01-e1731863878122.png\",\"contentUrl\":\"https:\\\/\\\/suntexkumas.com\\\/wp-content\\\/uploads\\\/2024\\\/11\\\/Logo-01-e1731863878122.png\",\"width\":3063,\"height\":2430,\"caption\":\"Suntex Kuma\u015f Sanayi - Ra\u015fel \u00d6rme\"},\"image\":{\"@id\":\"https:\\\/\\\/suntexkumas.com\\\/it\\\/#\\\/schema\\\/logo\\\/image\\\/\"},\"numberOfEmployees\":{\"@type\":\"QuantitativeValue\",\"minValue\":\"1\",\"maxValue\":\"10\"},\"publishingPrinciples\":\"https:\\\/\\\/suntexkumas.com\\\/hakkimizda\\\/\"}]}<\/script>\n<!-- \/ Yoast SEO Premium plugin. -->","yoast_head_json":{"title":"Ultime notizie &#8211; Suntex Kuma\u015f Sanayi - Ra\u015fel \u00d6rme","robots":{"index":"index","follow":"follow","max-snippet":"max-snippet:-1","max-image-preview":"max-image-preview:large","max-video-preview":"max-video-preview:-1"},"canonical":"https:\/\/suntexkumas.com\/it\/ultime-notizie\/","og_locale":"it_IT","og_type":"article","og_title":"Ultime notizie","og_url":"https:\/\/suntexkumas.com\/it\/ultime-notizie\/","og_site_name":"Suntex Kuma\u015f Sanayi - Ra\u015fel \u00d6rme","article_modified_time":"2025-05-12T15:50:23+00:00","og_image":[{"width":1393,"height":590,"url":"https:\/\/suntexkumas.com\/wp-content\/uploads\/2021\/11\/4.jpg","type":"image\/jpeg"}],"twitter_card":"summary_large_image","twitter_misc":{"Tempo di lettura stimato":"7 minuti"},"schema":{"@context":"https:\/\/schema.org","@graph":[{"@type":"WebPage","@id":"https:\/\/suntexkumas.com\/it\/ultime-notizie\/","url":"https:\/\/suntexkumas.com\/it\/ultime-notizie\/","name":"Ultime notizie &#8211; Suntex Kuma\u015f Sanayi - Ra\u015fel \u00d6rme","isPartOf":{"@id":"https:\/\/suntexkumas.com\/it\/#website"},"primaryImageOfPage":{"@id":"https:\/\/suntexkumas.com\/it\/ultime-notizie\/#primaryimage"},"image":{"@id":"https:\/\/suntexkumas.com\/it\/ultime-notizie\/#primaryimage"},"thumbnailUrl":"https:\/\/i0.wp.com\/suntexkumas.com\/wp-content\/uploads\/2021\/11\/4.jpg?fit=1393%2C590&ssl=1","datePublished":"2021-11-10T14:59:09+00:00","dateModified":"2025-05-12T15:50:23+00:00","breadcrumb":{"@id":"https:\/\/suntexkumas.com\/it\/ultime-notizie\/#breadcrumb"},"inLanguage":"it-IT","potentialAction":[{"@type":"ReadAction","target":["https:\/\/suntexkumas.com\/it\/ultime-notizie\/"]}]},{"@type":"ImageObject","inLanguage":"it-IT","@id":"https:\/\/suntexkumas.com\/it\/ultime-notizie\/#primaryimage","url":"https:\/\/i0.wp.com\/suntexkumas.com\/wp-content\/uploads\/2021\/11\/4.jpg?fit=1393%2C590&ssl=1","contentUrl":"https:\/\/i0.wp.com\/suntexkumas.com\/wp-content\/uploads\/2021\/11\/4.jpg?fit=1393%2C590&ssl=1","width":1393,"height":590},{"@type":"BreadcrumbList","@id":"https:\/\/suntexkumas.com\/it\/ultime-notizie\/#breadcrumb","itemListElement":[{"@type":"ListItem","position":1,"name":"Anasayfa","item":"https:\/\/suntexkumas.com\/it\/tessuto-a-maglia-suntex-raschel\/"},{"@type":"ListItem","position":2,"name":"Ultime notizie"}]},{"@type":"WebSite","@id":"https:\/\/suntexkumas.com\/it\/#website","url":"https:\/\/suntexkumas.com\/it\/","name":"Suntex Kuma\u015f Sanayi - Ra\u015fel \u00d6rme","description":"","publisher":{"@id":"https:\/\/suntexkumas.com\/it\/#organization"},"potentialAction":[{"@type":"SearchAction","target":{"@type":"EntryPoint","urlTemplate":"https:\/\/suntexkumas.com\/it\/?s={search_term_string}"},"query-input":{"@type":"PropertyValueSpecification","valueRequired":true,"valueName":"search_term_string"}}],"inLanguage":"it-IT"},{"@type":"Organization","@id":"https:\/\/suntexkumas.com\/it\/#organization","name":"Suntex Kuma\u015f Sanayi - Ra\u015fel \u00d6rme","url":"https:\/\/suntexkumas.com\/it\/","logo":{"@type":"ImageObject","inLanguage":"it-IT","@id":"https:\/\/suntexkumas.com\/it\/#\/schema\/logo\/image\/","url":"https:\/\/suntexkumas.com\/wp-content\/uploads\/2024\/11\/Logo-01-e1731863878122.png","contentUrl":"https:\/\/suntexkumas.com\/wp-content\/uploads\/2024\/11\/Logo-01-e1731863878122.png","width":3063,"height":2430,"caption":"Suntex Kuma\u015f Sanayi - Ra\u015fel \u00d6rme"},"image":{"@id":"https:\/\/suntexkumas.com\/it\/#\/schema\/logo\/image\/"},"numberOfEmployees":{"@type":"QuantitativeValue","minValue":"1","maxValue":"10"},"publishingPrinciples":"https:\/\/suntexkumas.com\/hakkimizda\/"}]}},"jetpack_sharing_enabled":true,"_links":{"self":[{"href":"https:\/\/suntexkumas.com\/it\/wp-json\/wp\/v2\/pages\/6015","targetHints":{"allow":["GET"]}}],"collection":[{"href":"https:\/\/suntexkumas.com\/it\/wp-json\/wp\/v2\/pages"}],"about":[{"href":"https:\/\/suntexkumas.com\/it\/wp-json\/wp\/v2\/types\/page"}],"author":[{"embeddable":true,"href":"https:\/\/suntexkumas.com\/it\/wp-json\/wp\/v2\/users\/1"}],"replies":[{"embeddable":true,"href":"https:\/\/suntexkumas.com\/it\/wp-json\/wp\/v2\/comments?post=6015"}],"version-history":[{"count":1,"href":"https:\/\/suntexkumas.com\/it\/wp-json\/wp\/v2\/pages\/6015\/revisions"}],"predecessor-version":[{"id":6016,"href":"https:\/\/suntexkumas.com\/it\/wp-json\/wp\/v2\/pages\/6015\/revisions\/6016"}],"wp:featuredmedia":[{"embeddable":true,"href":"https:\/\/suntexkumas.com\/it\/wp-json\/wp\/v2\/media\/5559"}],"wp:attachment":[{"href":"https:\/\/suntexkumas.com\/it\/wp-json\/wp\/v2\/media?parent=6015"}],"curies":[{"name":"wp","href":"https:\/\/api.w.org\/{rel}","templated":true}]}}