{"id":5252,"date":"2025-02-08T23:21:57","date_gmt":"2025-02-08T20:21:57","guid":{"rendered":"https:\/\/suntexkumas.com\/?post_type=product&#038;p=5252"},"modified":"2025-02-08T23:22:28","modified_gmt":"2025-02-08T20:22:28","slug":"2x2file","status":"publish","type":"product","link":"https:\/\/suntexkumas.com\/de\/urunler\/2x2file\/","title":{"rendered":"2&#215;2 File"},"content":{"rendered":"","protected":false},"excerpt":{"rendered":"","protected":false},"featured_media":0,"template":"","meta":[],"product_brand":[],"product_cat":[57],"product_tag":[],"class_list":{"0":"post-5252","1":"product","2":"type-product","3":"status-publish","5":"product_cat-giyimlik","7":"first","8":"instock","9":"shipping-taxable","10":"product-type-simple"},"yoast_head":"<!-- This site is optimized with the Yoast SEO Premium plugin v22.1 (Yoast SEO v27.5) - https:\/\/yoast.com\/product\/yoast-seo-premium-wordpress\/ -->\n<title>2x2 File &#8211; Suntex Kuma\u015f Sanayi - Ra\u015fel \u00d6rme<\/title>\n<meta name=\"robots\" content=\"index, follow, max-snippet:-1, max-image-preview:large, max-video-preview:-1\" \/>\n<link rel=\"canonical\" href=\"https:\/\/suntexkumas.com\/de\/urunler\/2x2file\/\" \/>\n<meta property=\"og:locale\" content=\"de_DE\" \/>\n<meta property=\"og:type\" content=\"article\" \/>\n<meta property=\"og:title\" content=\"2x2 File\" \/>\n<meta property=\"og:url\" content=\"https:\/\/suntexkumas.com\/de\/urunler\/2x2file\/\" \/>\n<meta property=\"og:site_name\" content=\"Suntex Kuma\u015f Sanayi - Ra\u015fel \u00d6rme\" \/>\n<meta property=\"article:modified_time\" content=\"2025-02-08T20:22:28+00:00\" \/>\n<meta name=\"twitter:card\" content=\"summary_large_image\" \/>\n<meta name=\"twitter:label1\" content=\"Preis\" \/>\n\t<meta name=\"twitter:data1\" content=\"\" \/>\n\t<meta name=\"twitter:label2\" content=\"Verf\u00fcgbarkeit\" \/>\n\t<meta name=\"twitter:data2\" content=\"Auf Lager\" \/>\n<script type=\"application\/ld+json\" class=\"yoast-schema-graph\">{\"@context\":\"https:\\\/\\\/schema.org\",\"@graph\":[{\"@type\":\"WebPage\",\"@id\":\"https:\\\/\\\/suntexkumas.com\\\/de\\\/urunler\\\/2x2file\\\/\",\"url\":\"https:\\\/\\\/suntexkumas.com\\\/de\\\/urunler\\\/2x2file\\\/\",\"name\":\"2x2 File &#8211; Suntex Kuma\u015f Sanayi - Ra\u015fel \u00d6rme\",\"isPartOf\":{\"@id\":\"https:\\\/\\\/suntexkumas.com\\\/de\\\/#website\"},\"datePublished\":\"2025-02-08T20:21:57+00:00\",\"dateModified\":\"2025-02-08T20:22:28+00:00\",\"breadcrumb\":{\"@id\":\"https:\\\/\\\/suntexkumas.com\\\/de\\\/urunler\\\/2x2file\\\/#breadcrumb\"},\"inLanguage\":\"de\",\"potentialAction\":[{\"@type\":\"ReadAction\",\"target\":[\"https:\\\/\\\/suntexkumas.com\\\/de\\\/urunler\\\/2x2file\\\/\"]}]},{\"@type\":\"BreadcrumbList\",\"@id\":\"https:\\\/\\\/suntexkumas.com\\\/de\\\/urunler\\\/2x2file\\\/#breadcrumb\",\"itemListElement\":[{\"@type\":\"ListItem\",\"position\":1,\"name\":\"Anasayfa\",\"item\":\"https:\\\/\\\/suntexkumas.com\\\/de\\\/suntex-raschel-gewirke\\\/\"},{\"@type\":\"ListItem\",\"position\":2,\"name\":\"Shop\",\"item\":\"https:\\\/\\\/suntexkumas.com\\\/de\\\/shop\\\/\"},{\"@type\":\"ListItem\",\"position\":3,\"name\":\"2&#215;2 File\"}]},{\"@type\":\"WebSite\",\"@id\":\"https:\\\/\\\/suntexkumas.com\\\/de\\\/#website\",\"url\":\"https:\\\/\\\/suntexkumas.com\\\/de\\\/\",\"name\":\"Suntex Kuma\u015f Sanayi - Ra\u015fel \u00d6rme\",\"description\":\"\",\"publisher\":{\"@id\":\"https:\\\/\\\/suntexkumas.com\\\/de\\\/#organization\"},\"potentialAction\":[{\"@type\":\"SearchAction\",\"target\":{\"@type\":\"EntryPoint\",\"urlTemplate\":\"https:\\\/\\\/suntexkumas.com\\\/de\\\/?s={search_term_string}\"},\"query-input\":{\"@type\":\"PropertyValueSpecification\",\"valueRequired\":true,\"valueName\":\"search_term_string\"}}],\"inLanguage\":\"de\"},{\"@type\":\"Organization\",\"@id\":\"https:\\\/\\\/suntexkumas.com\\\/de\\\/#organization\",\"name\":\"Suntex Kuma\u015f Sanayi - Ra\u015fel \u00d6rme\",\"url\":\"https:\\\/\\\/suntexkumas.com\\\/de\\\/\",\"logo\":{\"@type\":\"ImageObject\",\"inLanguage\":\"de\",\"@id\":\"https:\\\/\\\/suntexkumas.com\\\/de\\\/#\\\/schema\\\/logo\\\/image\\\/\",\"url\":\"https:\\\/\\\/suntexkumas.com\\\/wp-content\\\/uploads\\\/2024\\\/11\\\/Logo-01-e1731863878122.png\",\"contentUrl\":\"https:\\\/\\\/suntexkumas.com\\\/wp-content\\\/uploads\\\/2024\\\/11\\\/Logo-01-e1731863878122.png\",\"width\":3063,\"height\":2430,\"caption\":\"Suntex Kuma\u015f Sanayi - Ra\u015fel \u00d6rme\"},\"image\":{\"@id\":\"https:\\\/\\\/suntexkumas.com\\\/de\\\/#\\\/schema\\\/logo\\\/image\\\/\"},\"numberOfEmployees\":{\"@type\":\"QuantitativeValue\",\"minValue\":\"1\",\"maxValue\":\"10\"},\"publishingPrinciples\":\"https:\\\/\\\/suntexkumas.com\\\/hakkimizda\\\/\"}]}<\/script>\n<meta property=\"product:price:currency\" content=\"USD\" \/>\n<meta property=\"og:availability\" content=\"instock\" \/>\n<meta property=\"product:availability\" content=\"instock\" \/>\n<meta property=\"product:condition\" content=\"new\" \/>\n<!-- \/ Yoast SEO Premium plugin. -->","yoast_head_json":{"title":"2x2 File &#8211; Suntex Kuma\u015f Sanayi - Ra\u015fel \u00d6rme","robots":{"index":"index","follow":"follow","max-snippet":"max-snippet:-1","max-image-preview":"max-image-preview:large","max-video-preview":"max-video-preview:-1"},"canonical":"https:\/\/suntexkumas.com\/de\/urunler\/2x2file\/","og_locale":"de_DE","og_type":"article","og_title":"2x2 File","og_url":"https:\/\/suntexkumas.com\/de\/urunler\/2x2file\/","og_site_name":"Suntex Kuma\u015f Sanayi - Ra\u015fel \u00d6rme","article_modified_time":"2025-02-08T20:22:28+00:00","twitter_card":"summary_large_image","twitter_misc":{"Preis":"","Verf\u00fcgbarkeit":"Auf Lager"},"schema":{"@context":"https:\/\/schema.org","@graph":[{"@type":"WebPage","@id":"https:\/\/suntexkumas.com\/de\/urunler\/2x2file\/","url":"https:\/\/suntexkumas.com\/de\/urunler\/2x2file\/","name":"2x2 File &#8211; Suntex Kuma\u015f Sanayi - Ra\u015fel \u00d6rme","isPartOf":{"@id":"https:\/\/suntexkumas.com\/de\/#website"},"datePublished":"2025-02-08T20:21:57+00:00","dateModified":"2025-02-08T20:22:28+00:00","breadcrumb":{"@id":"https:\/\/suntexkumas.com\/de\/urunler\/2x2file\/#breadcrumb"},"inLanguage":"de","potentialAction":[{"@type":"ReadAction","target":["https:\/\/suntexkumas.com\/de\/urunler\/2x2file\/"]}]},{"@type":"BreadcrumbList","@id":"https:\/\/suntexkumas.com\/de\/urunler\/2x2file\/#breadcrumb","itemListElement":[{"@type":"ListItem","position":1,"name":"Anasayfa","item":"https:\/\/suntexkumas.com\/de\/suntex-raschel-gewirke\/"},{"@type":"ListItem","position":2,"name":"Shop","item":"https:\/\/suntexkumas.com\/de\/shop\/"},{"@type":"ListItem","position":3,"name":"2&#215;2 File"}]},{"@type":"WebSite","@id":"https:\/\/suntexkumas.com\/de\/#website","url":"https:\/\/suntexkumas.com\/de\/","name":"Suntex Kuma\u015f Sanayi - Ra\u015fel \u00d6rme","description":"","publisher":{"@id":"https:\/\/suntexkumas.com\/de\/#organization"},"potentialAction":[{"@type":"SearchAction","target":{"@type":"EntryPoint","urlTemplate":"https:\/\/suntexkumas.com\/de\/?s={search_term_string}"},"query-input":{"@type":"PropertyValueSpecification","valueRequired":true,"valueName":"search_term_string"}}],"inLanguage":"de"},{"@type":"Organization","@id":"https:\/\/suntexkumas.com\/de\/#organization","name":"Suntex Kuma\u015f Sanayi - Ra\u015fel \u00d6rme","url":"https:\/\/suntexkumas.com\/de\/","logo":{"@type":"ImageObject","inLanguage":"de","@id":"https:\/\/suntexkumas.com\/de\/#\/schema\/logo\/image\/","url":"https:\/\/suntexkumas.com\/wp-content\/uploads\/2024\/11\/Logo-01-e1731863878122.png","contentUrl":"https:\/\/suntexkumas.com\/wp-content\/uploads\/2024\/11\/Logo-01-e1731863878122.png","width":3063,"height":2430,"caption":"Suntex Kuma\u015f Sanayi - Ra\u015fel \u00d6rme"},"image":{"@id":"https:\/\/suntexkumas.com\/de\/#\/schema\/logo\/image\/"},"numberOfEmployees":{"@type":"QuantitativeValue","minValue":"1","maxValue":"10"},"publishingPrinciples":"https:\/\/suntexkumas.com\/hakkimizda\/"}]},"product_price_currency":"USD","og_availability":"instock","product_availability":"instock","product_condition":"new"},"jetpack_sharing_enabled":true,"_links":{"self":[{"href":"https:\/\/suntexkumas.com\/de\/wp-json\/wp\/v2\/product\/5252","targetHints":{"allow":["GET"]}}],"collection":[{"href":"https:\/\/suntexkumas.com\/de\/wp-json\/wp\/v2\/product"}],"about":[{"href":"https:\/\/suntexkumas.com\/de\/wp-json\/wp\/v2\/types\/product"}],"wp:attachment":[{"href":"https:\/\/suntexkumas.com\/de\/wp-json\/wp\/v2\/media?parent=5252"}],"wp:term":[{"taxonomy":"product_brand","embeddable":true,"href":"https:\/\/suntexkumas.com\/de\/wp-json\/wp\/v2\/product_brand?post=5252"},{"taxonomy":"product_cat","embeddable":true,"href":"https:\/\/suntexkumas.com\/de\/wp-json\/wp\/v2\/product_cat?post=5252"},{"taxonomy":"product_tag","embeddable":true,"href":"https:\/\/suntexkumas.com\/de\/wp-json\/wp\/v2\/product_tag?post=5252"}],"curies":[{"name":"wp","href":"https:\/\/api.w.org\/{rel}","templated":true}]}}